{"id":5,"date":"2020-01-04T08:21:37","date_gmt":"2020-01-04T07:21:37","guid":{"rendered":"http:\/\/busisoft.de\/?page_id=5"},"modified":"2020-01-04T08:21:37","modified_gmt":"2020-01-04T07:21:37","slug":"datenschutzerklaerung","status":"publish","type":"page","link":"https:\/\/busisoft.de\/?page_id=5","title":{"rendered":"Datenschutzerkl\u00e4rung"},"content":{"rendered":"\n<h2 class=\"wp-block-heading\">1. Datenschutz auf einen Blick<\/h2>\n\n\n\n<h3 class=\"wp-block-heading\">Allgemeine Hinweise<\/h3>\n\n\n\n<p>Die folgenden Hinweise geben einen einfachen \u00dcberblick dar\u00fcber, was \nmit Ihren personenbezogenen Daten passiert, wenn Sie unsere Website \nbesuchen. Personenbezogene Daten sind alle Daten, mit denen Sie \npers\u00f6nlich identifiziert werden k\u00f6nnen. Ausf\u00fchrliche Informationen zum \nThema Datenschutz entnehmen Sie unserer unter diesem Text aufgef\u00fchrten \nDatenschutzerkl\u00e4rung.<\/p>\n\n\n\n<h3 class=\"wp-block-heading\">Datenerfassung auf unserer Website<\/h3>\n\n\n\n<p><strong>Wer ist verantwortlich f\u00fcr die Datenerfassung auf dieser Website?<\/strong><\/p>\n\n\n\n<p>Die Datenverarbeitung auf dieser Website erfolgt durch den \nWebsitebetreiber. Dessen Kontaktdaten k\u00f6nnen Sie dem Impressum dieser \nWebsite entnehmen.<\/p>\n\n\n\n<p><strong>Wie erfassen wir Ihre Daten?<\/strong><\/p>\n\n\n\n<p>Ihre Daten werden zum einen dadurch erhoben, dass Sie uns diese \nmitteilen. Hierbei kann es sich z.B. um Daten handeln, die Sie in ein \nKontaktformular eingeben.<\/p>\n\n\n\n<p>Andere Daten werden automatisch beim Besuch der Website durch unsere \nIT-Systeme erfasst. Das sind vor allem technische Daten (z.B. \nInternetbrowser, Betriebssystem oder Uhrzeit des Seitenaufrufs). Die \nErfassung dieser Daten erfolgt automatisch, sobald Sie unsere Website \nbetreten.<\/p>\n\n\n\n<p><strong>Wof\u00fcr nutzen wir Ihre Daten?<\/strong><\/p>\n\n\n\n<p>Ein Teil der Daten wird erhoben, um eine fehlerfreie Bereitstellung \nder Website zu gew\u00e4hrleisten. Andere Daten k\u00f6nnen zur Analyse Ihres \nNutzerverhaltens verwendet werden.<\/p>\n\n\n\n<p><strong>Welche Rechte haben Sie bez\u00fcglich Ihrer Daten?<\/strong><\/p>\n\n\n\n<p>Sie haben jederzeit das Recht unentgeltlich Auskunft \u00fcber Herkunft, \nEmpf\u00e4nger und Zweck Ihrer gespeicherten personenbezogenen Daten zu \nerhalten. Sie haben au\u00dferdem ein Recht, die Berichtigung, Sperrung oder \nL\u00f6schung dieser Daten zu verlangen. Hierzu sowie zu weiteren Fragen zum \nThema Datenschutz k\u00f6nnen Sie sich jederzeit unter der im Impressum \nangegebenen Adresse an uns wenden. Des Weiteren steht Ihnen ein \nBeschwerderecht bei der zust\u00e4ndigen Aufsichtsbeh\u00f6rde zu.<\/p>\n\n\n\n<p>Au\u00dferdem haben Sie das Recht, unter bestimmten Umst\u00e4nden die \nEinschr\u00e4nkung der Verarbeitung Ihrer personenbezogenen Daten zu \nverlangen. Details hierzu entnehmen Sie der Datenschutzerkl\u00e4rung unter \n\u201eRecht auf Einschr\u00e4nkung der Verarbeitung\u201c.<\/p>\n\n\n\n<h3 class=\"wp-block-heading\">Analyse-Tools und Tools von Drittanbietern<\/h3>\n\n\n\n<p>Beim Besuch unserer Website kann Ihr Surf-Verhalten statistisch \nausgewertet werden. Das geschieht vor allem mit Cookies und mit \nsogenannten Analyseprogrammen. Die Analyse Ihres Surf-Verhaltens erfolgt\n in der Regel anonym; das Surf-Verhalten kann nicht zu Ihnen \nzur\u00fcckverfolgt werden. Sie k\u00f6nnen dieser Analyse widersprechen oder sie \ndurch die Nichtbenutzung bestimmter Tools verhindern. Detaillierte \nInformationen dazu finden Sie in der folgenden Datenschutzerkl\u00e4rung.<\/p>\n\n\n\n<p>Sie k\u00f6nnen dieser Analyse widersprechen. \u00dcber die \nWiderspruchsm\u00f6glichkeiten werden wir Sie in dieser Datenschutzerkl\u00e4rung \ninformieren.<\/p>\n\n\n\n<h2 class=\"wp-block-heading\">2. Allgemeine Hinweise und Pflichtinformationen<\/h2>\n\n\n\n<h3 class=\"wp-block-heading\">Datenschutz<\/h3>\n\n\n\n<p>Die Betreiber dieser Seiten nehmen den Schutz Ihrer pers\u00f6nlichen \nDaten sehr ernst. Wir behandeln Ihre personenbezogenen Daten vertraulich\n und entsprechend der gesetzlichen Datenschutzvorschriften sowie dieser \nDatenschutzerkl\u00e4rung.<\/p>\n\n\n\n<p>Wenn Sie diese Website benutzen, werden verschiedene personenbezogene\n Daten erhoben. Personenbezogene Daten sind Daten, mit denen Sie \npers\u00f6nlich identifiziert werden k\u00f6nnen. Die vorliegende \nDatenschutzerkl\u00e4rung erl\u00e4utert, welche Daten wir erheben und wof\u00fcr wir \nsie nutzen. Sie erl\u00e4utert auch, wie und zu welchem Zweck das geschieht.<\/p>\n\n\n\n<p>Wir weisen darauf hin, dass die Daten\u00fcbertragung im Internet (z.B. \nbei der Kommunikation per E-Mail) Sicherheitsl\u00fccken aufweisen kann. Ein \nl\u00fcckenloser Schutz der Daten vor dem Zugriff durch Dritte ist nicht \nm\u00f6glich.<\/p>\n\n\n\n<h3 class=\"wp-block-heading\">Hinweis zur verantwortlichen Stelle<\/h3>\n\n\n\n<p>Die verantwortliche Stelle f\u00fcr die Datenverarbeitung auf dieser Website ist:<\/p>\n\n\n\n<p>Horst Wolfenst\u00e4tter<br>Poststra\u00dfe 43 A<br>68623 Lampertheim<\/p>\n\n\n\n<p>Telefon: 0049-171-4119601<br>E-Mail: horst@busisoft.de<\/p>\n\n\n\n<p>Verantwortliche Stelle ist die nat\u00fcrliche oder juristische Person, \ndie allein oder gemeinsam mit anderen \u00fcber die Zwecke und Mittel der \nVerarbeitung von personenbezogenen Daten (z.B. Namen, E-Mail-Adressen o.\n \u00c4.) entscheidet.<\/p>\n\n\n\n<h3 class=\"wp-block-heading\">Widerruf Ihrer Einwilligung zur Datenverarbeitung<\/h3>\n\n\n\n<p>Viele Datenverarbeitungsvorg\u00e4nge sind nur mit Ihrer ausdr\u00fccklichen \nEinwilligung m\u00f6glich. Sie k\u00f6nnen eine bereits erteilte Einwilligung \njederzeit widerrufen. Dazu reicht eine formlose Mitteilung per E-Mail an\n uns. Die Rechtm\u00e4\u00dfigkeit der bis zum Widerruf erfolgten \nDatenverarbeitung bleibt vom Widerruf unber\u00fchrt.<\/p>\n\n\n\n<h3 class=\"wp-block-heading\">Widerspruchsrecht gegen die Datenerhebung in besonderen F\u00e4llen sowie gegen Direktwerbung (Art. 21 DSGVO)<\/h3>\n\n\n\n<p><strong>Wenn die Datenverarbeitung auf Grundlage von Art. 6 Abs. 1 \nlit. e oder f DSGVO erfolgt, haben Sie jederzeit das Recht, aus Gr\u00fcnden,\n die sich aus Ihrer besonderen Situation ergeben, gegen die Verarbeitung\n Ihrer personenbezogenen Daten Widerspruch einzulegen; dies gilt auch \nf\u00fcr ein auf diese Bestimmungen gest\u00fctztes Profiling. Die jeweilige \nRechtsgrundlage, auf denen eine Verarbeitung beruht, entnehmen Sie \ndieser Datenschutzerkl\u00e4rung. Wenn Sie Widerspruch einlegen, werden wir \nIhre betroffenen personenbezogenen Daten nicht mehr verarbeiten, es sei \ndenn, wir k\u00f6nnen zwingende schutzw\u00fcrdige Gr\u00fcnde f\u00fcr die Verarbeitung \nnachweisen, die Ihre Interessen, Rechte und Freiheiten \u00fcberwiegen oder \ndie Verarbeitung dient der Geltendmachung, Aus\u00fcbung oder Verteidigung \nvon Rechtsanspr\u00fcchen (Widerspruch nach Art. 21 Abs. 1 DSGVO).<\/strong><\/p>\n\n\n\n<p><strong>Werden Ihre personenbezogenen Daten verarbeitet, um \nDirektwerbung zu betreiben, so haben Sie das Recht, jederzeit \nWiderspruch gegen die Verarbeitung Sie betreffender personenbezogener \nDaten zum Zwecke derartiger Werbung einzulegen; dies gilt auch f\u00fcr das \nProfiling, soweit es mit solcher Direktwerbung in Verbindung steht. Wenn\n Sie widersprechen, werden Ihre personenbezogenen Daten anschlie\u00dfend \nnicht mehr zum Zwecke der Direktwerbung verwendet (Widerspruch nach Art.\n 21 Abs. 2 DSGVO).<\/strong><\/p>\n\n\n\n<h3 class=\"wp-block-heading\">Beschwerderecht bei der zust\u00e4ndigen Aufsichtsbeh\u00f6rde<\/h3>\n\n\n\n<p>Im Falle von Verst\u00f6\u00dfen gegen die DSGVO steht den Betroffenen ein \nBeschwerderecht bei einer Aufsichtsbeh\u00f6rde, insbesondere in dem \nMitgliedstaat ihres gew\u00f6hnlichen Aufenthalts, ihres Arbeitsplatzes oder \ndes Orts des mutma\u00dflichen Versto\u00dfes zu. Das Beschwerderecht besteht \nunbeschadet anderweitiger verwaltungsrechtlicher oder gerichtlicher \nRechtsbehelfe.<\/p>\n\n\n\n<h3 class=\"wp-block-heading\">Recht auf Daten\u00fcbertragbarkeit<\/h3>\n\n\n\n<p>Sie haben das Recht, Daten, die wir auf Grundlage Ihrer Einwilligung \noder in Erf\u00fcllung eines Vertrags automatisiert verarbeiten, an sich oder\n an einen Dritten in einem g\u00e4ngigen, maschinenlesbaren Format \naush\u00e4ndigen zu lassen. Sofern Sie die direkte \u00dcbertragung der Daten an \neinen anderen Verantwortlichen verlangen, erfolgt dies nur, soweit es \ntechnisch machbar ist.<\/p>\n\n\n\n<h3 class=\"wp-block-heading\">SSL- bzw. TLS-Verschl\u00fcsselung<\/h3>\n\n\n\n<p>Diese Seite nutzt aus Sicherheitsgr\u00fcnden und zum Schutz der \n\u00dcbertragung vertraulicher Inhalte, wie zum Beispiel Bestellungen oder \nAnfragen, die Sie an uns als Seitenbetreiber senden, eine SSL-bzw. \nTLS-Verschl\u00fcsselung. Eine verschl\u00fcsselte Verbindung erkennen Sie daran, \ndass die Adresszeile des Browsers von \u201chttp:\/\/\u201d auf \u201chttps:\/\/\u201d wechselt \nund an dem Schloss-Symbol in Ihrer Browserzeile.<\/p>\n\n\n\n<p>Wenn die SSL- bzw. TLS-Verschl\u00fcsselung aktiviert ist, k\u00f6nnen die \nDaten, die Sie an uns \u00fcbermitteln, nicht von Dritten mitgelesen werden.<\/p>\n\n\n\n<h3 class=\"wp-block-heading\">Auskunft, Sperrung, L\u00f6schung und Berichtigung<\/h3>\n\n\n\n<p>Sie haben im Rahmen der geltenden gesetzlichen Bestimmungen jederzeit\n das Recht auf unentgeltliche Auskunft \u00fcber Ihre gespeicherten \npersonenbezogenen Daten, deren Herkunft und Empf\u00e4nger und den Zweck der \nDatenverarbeitung und ggf. ein Recht auf Berichtigung, Sperrung oder \nL\u00f6schung dieser Daten. Hierzu sowie zu weiteren Fragen zum Thema \npersonenbezogene Daten k\u00f6nnen Sie sich jederzeit unter der im Impressum \nangegebenen Adresse an uns wenden.<\/p>\n\n\n\n<h3 class=\"wp-block-heading\">Recht auf Einschr\u00e4nkung der Verarbeitung<\/h3>\n\n\n\n<p>Sie haben das Recht, die Einschr\u00e4nkung der Verarbeitung Ihrer \npersonenbezogenen Daten zu verlangen. Hierzu k\u00f6nnen Sie sich jederzeit \nunter der im Impressum angegebenen Adresse an uns wenden. Das Recht auf \nEinschr\u00e4nkung der Verarbeitung besteht in folgenden F\u00e4llen:<\/p>\n\n\n\n<ul class=\"wp-block-list\"><li>Wenn Sie die Richtigkeit Ihrer bei uns gespeicherten \npersonenbezogenen Daten bestreiten, ben\u00f6tigen wir in der Regel Zeit, um \ndies zu \u00fcberpr\u00fcfen. F\u00fcr die Dauer der Pr\u00fcfung haben Sie das Recht, die \nEinschr\u00e4nkung der Verarbeitung Ihrer personenbezogenen Daten zu \nverlangen.<\/li><li>Wenn die Verarbeitung Ihrer personenbezogenen Daten unrechtm\u00e4\u00dfig \ngeschah \/ geschieht, k\u00f6nnen Sie statt der L\u00f6schung die Einschr\u00e4nkung der\n Datenverarbeitung verlangen.<\/li><li>Wenn wir Ihre personenbezogenen Daten nicht mehr ben\u00f6tigen, Sie sie \njedoch zur Aus\u00fcbung, Verteidigung oder Geltendmachung von \nRechtsanspr\u00fcchen ben\u00f6tigen, haben Sie das Recht, statt der L\u00f6schung die \nEinschr\u00e4nkung der Verarbeitung Ihrer personenbezogenen Daten zu \nverlangen.<\/li><li>Wenn Sie einen Widerspruch nach Art. 21 Abs. 1 DSGVO eingelegt \nhaben, muss eine Abw\u00e4gung zwischen Ihren und unseren Interessen \nvorgenommen werden. Solange noch nicht feststeht, wessen Interessen \n\u00fcberwiegen, haben Sie das Recht, die Einschr\u00e4nkung der Verarbeitung \nIhrer personenbezogenen Daten zu verlangen.<\/li><\/ul>\n\n\n\n<p>Wenn Sie die Verarbeitung Ihrer personenbezogenen Daten eingeschr\u00e4nkt\n haben, d\u00fcrfen diese Daten \u2013 von ihrer Speicherung abgesehen \u2013 nur mit \nIhrer Einwilligung oder zur Geltendmachung, Aus\u00fcbung oder Verteidigung \nvon Rechtsanspr\u00fcchen oder zum Schutz der Rechte einer anderen \nnat\u00fcrlichen oder juristischen Person oder aus Gr\u00fcnden eines wichtigen \n\u00f6ffentlichen Interesses der Europ\u00e4ischen Union oder eines Mitgliedstaats\n verarbeitet werden.<\/p>\n\n\n\n<h2 class=\"wp-block-heading\">3. Datenschutzbeauftragter<\/h2>\n\n\n\n<h3 class=\"wp-block-heading\">Gesetzlich vorgeschriebener Datenschutzbeauftragter<\/h3>\n\n\n\n<p>Wir haben f\u00fcr unser Unternehmen einen Datenschutzbeauftragten bestellt.<\/p>\n\n\n\n<p>Horst Wolfenst\u00e4tter<br>Poststra\u00dfe 43 A<br>68623 Lampertheim <\/p>\n\n\n\n<p>Telefon: 0049-171-4119601<br>E-Mail: horst@busisoft.de <\/p>\n\n\n\n<h2 class=\"wp-block-heading\">4. Datenerfassung auf unserer Website<\/h2>\n\n\n\n<h3 class=\"wp-block-heading\">Cookies<\/h3>\n\n\n\n<p>Die Internetseiten verwenden teilweise so genannte Cookies. Cookies \nrichten auf Ihrem Rechner keinen Schaden an und enthalten keine Viren. \nCookies dienen dazu, unser Angebot nutzerfreundlicher, effektiver und \nsicherer zu machen. Cookies sind kleine Textdateien, die auf Ihrem \nRechner abgelegt werden und die Ihr Browser speichert.<\/p>\n\n\n\n<p>Die meisten der von uns verwendeten Cookies sind so genannte \n\u201cSession-Cookies\u201d. Sie werden nach Ende Ihres Besuchs automatisch \ngel\u00f6scht. Andere Cookies bleiben auf Ihrem Endger\u00e4t gespeichert bis Sie \ndiese l\u00f6schen. Diese Cookies erm\u00f6glichen es uns, Ihren Browser beim \nn\u00e4chsten Besuch wiederzuerkennen.<\/p>\n\n\n\n<p>Sie k\u00f6nnen Ihren Browser so einstellen, dass Sie \u00fcber das Setzen von \nCookies informiert werden und Cookies nur im Einzelfall erlauben, die \nAnnahme von Cookies f\u00fcr bestimmte F\u00e4lle oder generell ausschlie\u00dfen sowie\n das automatische L\u00f6schen der Cookies beim Schlie\u00dfen des Browser \naktivieren. Bei der Deaktivierung von Cookies kann die Funktionalit\u00e4t \ndieser Website eingeschr\u00e4nkt sein.<\/p>\n\n\n\n<p>Cookies, die zur Durchf\u00fchrung des elektronischen \nKommunikationsvorgangs oder zur Bereitstellung bestimmter, von Ihnen \nerw\u00fcnschter Funktionen (z.B. Warenkorbfunktion) erforderlich sind, \nwerden auf Grundlage von Art. 6 Abs. 1 lit. f DSGVO gespeichert. Der \nWebsitebetreiber hat ein berechtigtes Interesse an der Speicherung von \nCookies zur technisch fehlerfreien und optimierten Bereitstellung seiner\n Dienste. Soweit andere Cookies (z.B. Cookies zur Analyse Ihres \nSurfverhaltens) gespeichert werden, werden diese in dieser \nDatenschutzerkl\u00e4rung gesondert behandelt.<\/p>\n\n\n\n<h3 class=\"wp-block-heading\">Server-Log-Dateien<\/h3>\n\n\n\n<p>Der Provider der Seiten erhebt und speichert automatisch \nInformationen in so genannten Server-Log-Dateien, die Ihr Browser \nautomatisch an uns \u00fcbermittelt. Dies sind:<\/p>\n\n\n\n<ul class=\"wp-block-list\"><li>Browsertyp und Browserversion<\/li><li>verwendetes Betriebssystem<\/li><li>Referrer URL<\/li><li>Hostname des zugreifenden Rechners<\/li><li>Uhrzeit der Serveranfrage<\/li><li>IP-Adresse<\/li><\/ul>\n\n\n\n<p>Eine Zusammenf\u00fchrung dieser Daten mit anderen Datenquellen wird nicht vorgenommen.<\/p>\n\n\n\n<p>Die Erfassung dieser Daten erfolgt auf Grundlage von Art. 6 Abs. 1 \nlit. f DSGVO. Der Websitebetreiber hat ein berechtigtes Interesse an der\n technisch fehlerfreien Darstellung und der Optimierung seiner Website \u2013\n hierzu m\u00fcssen die Server-Log-Files erfasst werden.<\/p>\n\n\n\n<h3 class=\"wp-block-heading\">Kontaktformular<\/h3>\n\n\n\n<p>Wenn Sie uns per Kontaktformular Anfragen zukommen lassen, werden \nIhre Angaben aus dem Anfrageformular inklusive der von Ihnen dort \nangegebenen Kontaktdaten zwecks Bearbeitung der Anfrage und f\u00fcr den Fall\n von Anschlussfragen bei uns gespeichert. Diese Daten geben wir nicht \nohne Ihre Einwilligung weiter.<\/p>\n\n\n\n<p>Die Verarbeitung der in das Kontaktformular eingegebenen Daten \nerfolgt somit ausschlie\u00dflich auf Grundlage Ihrer Einwilligung (Art. 6 \nAbs. 1 lit. a DSGVO). Sie k\u00f6nnen diese Einwilligung jederzeit \nwiderrufen. Dazu reicht eine formlose Mitteilung per E-Mail an uns. Die \nRechtm\u00e4\u00dfigkeit der bis zum Widerruf erfolgten Datenverarbeitungsvorg\u00e4nge\n bleibt vom Widerruf unber\u00fchrt.<\/p>\n\n\n\n<p>Die von Ihnen im Kontaktformular eingegebenen Daten verbleiben bei \nuns, bis Sie uns zur L\u00f6schung auffordern, Ihre Einwilligung zur \nSpeicherung widerrufen oder der Zweck f\u00fcr die Datenspeicherung entf\u00e4llt \n(z.B. nach abgeschlossener Bearbeitung Ihrer Anfrage). Zwingende \ngesetzliche Bestimmungen \u2013 insbesondere Aufbewahrungsfristen \u2013 bleiben \nunber\u00fchrt.<\/p>\n\n\n\n<h3 class=\"wp-block-heading\">Anfrage per E-Mail, Telefon oder Telefax<\/h3>\n\n\n\n<p>Wenn Sie uns per E-Mail, Telefon oder Telefax kontaktieren, wird Ihre\n Anfrage inklusive aller daraus hervorgehenden personenbezogenen Daten \n(Name, Anfrage) zum Zwecke der Bearbeitung Ihres Anliegens bei uns \ngespeichert und verarbeitet. Diese Daten geben wir nicht ohne Ihre \nEinwilligung weiter.<\/p>\n\n\n\n<p>Die Verarbeitung dieser Daten erfolgt auf Grundlage von Art. 6 Abs. 1\n lit. b DSGVO, sofern Ihre Anfrage mit der Erf\u00fcllung eines Vertrags \nzusammenh\u00e4ngt oder zur Durchf\u00fchrung vorvertraglicher Ma\u00dfnahmen \nerforderlich ist. In allen \u00fcbrigen F\u00e4llen beruht die Verarbeitung auf \nIhrer Einwilligung (Art. 6 Abs. 1 lit. a DSGVO) und \/ oder auf unseren \nberechtigten Interessen (Art. 6 Abs. 1 lit. f DSGVO), da wir ein \nberechtigtes Interesse an der effektiven Bearbeitung der an uns \ngerichteten Anfragen haben.<\/p>\n\n\n\n<p>Die von Ihnen an uns per von Kontaktanfragen \u00fcbersandten Daten \nverbleiben bei uns, bis Sie uns zur L\u00f6schung auffordern, Ihre \nEinwilligung zur Speicherung widerrufen oder der Zweck f\u00fcr die \nDatenspeicherung entf\u00e4llt (z. B. nach abgeschlossener Bearbeitung Ihres \nAnliegens). Zwingende gesetzliche Bestimmungen \u2013 insbesondere \ngesetzliche Aufbewahrungsfristen \u2013 bleiben unber\u00fchrt.<\/p>\n\n\n\n<h3 class=\"wp-block-heading\">Verarbeiten von Daten (Kunden- und Vertragsdaten)<\/h3>\n\n\n\n<p>Wir erheben, verarbeiten und nutzen personenbezogene Daten nur, \nsoweit sie f\u00fcr die Begr\u00fcndung, inhaltliche Ausgestaltung oder \u00c4nderung \ndes Rechtsverh\u00e4ltnisses erforderlich sind (Bestandsdaten). Dies erfolgt \nauf Grundlage von Art. 6 Abs. 1 lit. b DSGVO, der die Verarbeitung von \nDaten zur Erf\u00fcllung eines Vertrags oder vorvertraglicher Ma\u00dfnahmen \ngestattet. Personenbezogene Daten \u00fcber die Inanspruchnahme unserer \nInternetseiten (Nutzungsdaten) erheben, verarbeiten und nutzen wir nur, \nsoweit dies erforderlich ist, um dem Nutzer die Inanspruchnahme des \nDienstes zu erm\u00f6glichen oder abzurechnen.<\/p>\n\n\n\n<p>Die erhobenen Kundendaten werden nach Abschluss des Auftrags oder \nBeendigung der Gesch\u00e4ftsbeziehung gel\u00f6scht. Gesetzliche \nAufbewahrungsfristen bleiben unber\u00fchrt.<\/p>\n\n\n\n<h2 class=\"wp-block-heading\">5. Analyse-Tools und Werbung<\/h2>\n\n\n\n<h3 class=\"wp-block-heading\">WordPress Stats<\/h3>\n\n\n\n<p>Diese Website nutzt das WordPress Tool Stats, um Besucherzugriffe \nstatistisch auszuwerten. Anbieter ist die Automattic Inc., 60 29th \nStreet #343, San Francisco, CA 94110-4929, USA.<\/p>\n\n\n\n<p>WordPress Stats verwendet Cookies, die auf Ihrem Computer gespeichert\n werden und die eine Analyse der Benutzung der Website erlauben. Die \ndurch die Cookies generierten Informationen \u00fcber die Benutzung unserer \nWebsite werden auf Servern in den USA gespeichert. Ihre IP-Adresse wird \nnach der Verarbeitung und vor der Speicherung anonymisiert.<\/p>\n\n\n\n<p>\u201cWordPress-Stats\u201d-Cookies verbleiben auf Ihrem Endger\u00e4t, bis Sie sie l\u00f6schen.<\/p>\n\n\n\n<p>Die Speicherung von \u201cWordPress Stats\u201d-Cookies und die Nutzung dieses \nAnalyse-Tools erfolgen auf Grundlage von Art. 6 Abs. 1 lit. f DSGVO. Der\n Websitebetreiber hat ein berechtigtes Interesse an der anonymisierten \nAnalyse des Nutzerverhaltens, um sowohl sein Webangebot als auch seine \nWerbung zu optimieren.<\/p>\n\n\n\n<p>Sie k\u00f6nnen Ihren Browser so einstellen, dass Sie \u00fcber das Setzen von \nCookies informiert werden und Cookies nur im Einzelfall erlauben, die \nAnnahme von Cookies f\u00fcr bestimmte F\u00e4lle oder generell ausschlie\u00dfen sowie\n das automatische L\u00f6schen der Cookies beim Schlie\u00dfen des Browser \naktivieren. Bei der Deaktivierung von Cookies kann die Funktionalit\u00e4t \nunserer Website eingeschr\u00e4nkt sein.<\/p>\n\n\n\n<p>Sie k\u00f6nnen der Erhebung und Nutzung Ihrer Daten f\u00fcr die Zukunft \nwidersprechen, indem Sie mit einem Klick auf diesen Link einen \nOpt-Out-Cookie in Ihrem Browser setzen: <a href=\"https:\/\/www.quantcast.com\/opt-out\/\" target=\"_blank\" rel=\"noreferrer noopener\">https:\/\/www.quantcast.com\/opt-out\/<\/a>.<\/p>\n\n\n\n<p>Wenn Sie die Cookies auf Ihrem Rechner l\u00f6schen, m\u00fcssen Sie den Opt-Out-Cookie erneut setzen.<\/p>\n\n\n\n<h2 class=\"wp-block-heading\">6. Plugins und Tools<\/h2>\n\n\n\n<h3 class=\"wp-block-heading\">Google Web Fonts<\/h3>\n\n\n\n<p>Diese Seite nutzt zur einheitlichen Darstellung von Schriftarten so \ngenannte Web Fonts, die von Google bereitgestellt werden. Die Google \nFonts sind lokal installiert. Eine Verbindung zu Servern von Google \nfindet dabei nicht statt.<\/p>\n","protected":false},"excerpt":{"rendered":"<p>1. Datenschutz auf einen Blick Allgemeine Hinweise Die folgenden Hinweise geben einen einfachen \u00dcberblick dar\u00fcber, was mit Ihren personenbezogenen Daten passiert, wenn Sie unsere Website besuchen. Personenbezogene Daten sind alle Daten, mit denen Sie pers\u00f6nlich identifiziert werden k\u00f6nnen. Ausf\u00fchrliche Informationen zum Thema Datenschutz entnehmen Sie unserer unter diesem Text aufgef\u00fchrten Datenschutzerkl\u00e4rung. Datenerfassung auf unserer Website &hellip; <\/p>\n<p class=\"link-more\"><a href=\"https:\/\/busisoft.de\/?page_id=5\" class=\"more-link\"><span class=\"screen-reader-text\">\u201eDatenschutzerkl\u00e4rung\u201c <\/span>weiterlesen<\/a><\/p>\n","protected":false},"author":1,"featured_media":0,"parent":0,"menu_order":0,"comment_status":"closed","ping_status":"closed","template":"","meta":{"footnotes":""},"class_list":["post-5","page","type-page","status-publish","hentry"],"_links":{"self":[{"href":"https:\/\/busisoft.de\/index.php?rest_route=\/wp\/v2\/pages\/5","targetHints":{"allow":["GET"]}}],"collection":[{"href":"https:\/\/busisoft.de\/index.php?rest_route=\/wp\/v2\/pages"}],"about":[{"href":"https:\/\/busisoft.de\/index.php?rest_route=\/wp\/v2\/types\/page"}],"author":[{"embeddable":true,"href":"https:\/\/busisoft.de\/index.php?rest_route=\/wp\/v2\/users\/1"}],"replies":[{"embeddable":true,"href":"https:\/\/busisoft.de\/index.php?rest_route=%2Fwp%2Fv2%2Fcomments&post=5"}],"version-history":[{"count":1,"href":"https:\/\/busisoft.de\/index.php?rest_route=\/wp\/v2\/pages\/5\/revisions"}],"predecessor-version":[{"id":6,"href":"https:\/\/busisoft.de\/index.php?rest_route=\/wp\/v2\/pages\/5\/revisions\/6"}],"wp:attachment":[{"href":"https:\/\/busisoft.de\/index.php?rest_route=%2Fwp%2Fv2%2Fmedia&parent=5"}],"curies":[{"name":"wp","href":"https:\/\/api.w.org\/{rel}","templated":true}]}}